{"id":2,"date":"2017-06-14T21:35:02","date_gmt":"2017-06-14T21:35:02","guid":{"rendered":"http:\/\/www.razor-blade.pl\/?page_id=2"},"modified":"2021-02-14T13:12:11","modified_gmt":"2021-02-14T13:12:11","slug":"about","status":"publish","type":"page","link":"http:\/\/www.razor-blade.pl\/?page_id=2","title":{"rendered":"O nas"},"content":{"rendered":"<p>W bran\u017cy filmowej jeste\u015bmy ju\u017c od wielu lat. Ca\u0142y czas pod\u0105\u017camy za trendami i nowinkami technicznymi. W swojej ofercie posiadamy kamery kt\u00f3re nagrywaj\u0105 w rozdzielczo\u015bciach 4K. Mamy do dyspozycji r\u00f3wnie\u017c kamery na urz\u0105dzeniach lataj\u0105cych (drony). Wszystko to sprawia, \u017ce nasze filmy s\u0105 niepowtarzalne.<\/p>\n","protected":false},"excerpt":{"rendered":"<p>W bran\u017cy filmowej jeste\u015bmy ju\u017c od wielu lat. Ca\u0142y czas pod\u0105\u017camy za trendami i nowinkami technicznymi. W swojej ofercie posiadamy kamery kt\u00f3re nagrywaj\u0105 w rozdzielczo\u015bciach 4K. Mamy do dyspozycji r\u00f3wnie\u017c kamery na urz\u0105dzeniach lataj\u0105cych (drony). Wszystko to sprawia, \u017ce nasze filmy s\u0105 niepowtarzalne.<\/p>\n","protected":false},"author":1,"featured_media":0,"parent":0,"menu_order":0,"comment_status":"closed","ping_status":"open","template":"","meta":{"footnotes":""},"class_list":["post-2","page","type-page","status-publish","hentry"],"_links":{"self":[{"href":"http:\/\/www.razor-blade.pl\/index.php?rest_route=\/wp\/v2\/pages\/2","targetHints":{"allow":["GET"]}}],"collection":[{"href":"http:\/\/www.razor-blade.pl\/index.php?rest_route=\/wp\/v2\/pages"}],"about":[{"href":"http:\/\/www.razor-blade.pl\/index.php?rest_route=\/wp\/v2\/types\/page"}],"author":[{"embeddable":true,"href":"http:\/\/www.razor-blade.pl\/index.php?rest_route=\/wp\/v2\/users\/1"}],"replies":[{"embeddable":true,"href":"http:\/\/www.razor-blade.pl\/index.php?rest_route=%2Fwp%2Fv2%2Fcomments&post=2"}],"version-history":[{"count":2,"href":"http:\/\/www.razor-blade.pl\/index.php?rest_route=\/wp\/v2\/pages\/2\/revisions"}],"predecessor-version":[{"id":54,"href":"http:\/\/www.razor-blade.pl\/index.php?rest_route=\/wp\/v2\/pages\/2\/revisions\/54"}],"wp:attachment":[{"href":"http:\/\/www.razor-blade.pl\/index.php?rest_route=%2Fwp%2Fv2%2Fmedia&parent=2"}],"curies":[{"name":"wp","href":"https:\/\/api.w.org\/{rel}","templated":true}]}}