{"id":16,"date":"2019-03-27T10:23:00","date_gmt":"2019-03-27T10:23:00","guid":{"rendered":"http:\/\/www.razor-blade.pl\/?page_id=16"},"modified":"2019-03-27T10:37:48","modified_gmt":"2019-03-27T10:37:48","slug":"kontakt","status":"publish","type":"page","link":"http:\/\/www.razor-blade.pl\/?page_id=16","title":{"rendered":"Kontakt"},"content":{"rendered":"<p>Telefon<\/p>\n<p>Kom:\u00a0 +48 660-181-444<\/p>\n<p>Tel:\u00a0 \u00a0 \u00a0 +48 61 666 12 31<\/p>\n<p><script type=\"text\/javascript\"><\/p>\n<p>function getLibPath() { return \"\"; } \/\/ sciezka do zasobow FlashCall'a<\/p>\n<p><\/script><\/p>\n<p><object id=\"flashcall_in2it\" style=\"position: absolute;\" data=\"telephone.swf\" type=\"application\/x-shockwave-flash\" name=\"flashcall_in2it\" width=\"232\" height=\"155\"><param name=\"movie\" value=\"telephone.swf\" \/><param name=\"wmode\" value=\"transparent\" \/><param name=\"flashvars\" value=\"client=FCN&amp;id=flashcall_in2it&amp;auth_domain=sip.freeconet.pl&amp;user=in2it&amp;rtmp_host=rtmp:\/\/213.218.116.88&amp;dtmf_host=213.218.116.88&amp;keyboard=off&amp;label=Po\u0142\u0105cz&amp;info_text=Po\u0142\u0105czenie za darmo!  wi\u0119cej&amp;text=Kliknij na zielon\u0105 s\u0142uchawk\u0119 a zostaniesz po\u0142\u0105czony z nami za darmo. Pami\u0119taj o pod\u0142\u0105czeniu mikrofonu oraz s\u0142uchawek.&amp;remote_ip=&lt;?php echo $_SERVER['SERVER_ADDR'];?&gt;&amp;remote_port=&lt;?php echo $_SERVER['SERVER_PORT'];?&gt;\" \/><\/object><\/p>\n","protected":false},"excerpt":{"rendered":"<p>Telefon Kom:\u00a0 +48 660-181-444 Tel:\u00a0 \u00a0 \u00a0 +48 61 666 12 31<\/p>\n","protected":false},"author":1,"featured_media":0,"parent":0,"menu_order":0,"comment_status":"closed","ping_status":"closed","template":"","meta":{"footnotes":""},"class_list":["post-16","page","type-page","status-publish","hentry"],"_links":{"self":[{"href":"http:\/\/www.razor-blade.pl\/index.php?rest_route=\/wp\/v2\/pages\/16","targetHints":{"allow":["GET"]}}],"collection":[{"href":"http:\/\/www.razor-blade.pl\/index.php?rest_route=\/wp\/v2\/pages"}],"about":[{"href":"http:\/\/www.razor-blade.pl\/index.php?rest_route=\/wp\/v2\/types\/page"}],"author":[{"embeddable":true,"href":"http:\/\/www.razor-blade.pl\/index.php?rest_route=\/wp\/v2\/users\/1"}],"replies":[{"embeddable":true,"href":"http:\/\/www.razor-blade.pl\/index.php?rest_route=%2Fwp%2Fv2%2Fcomments&post=16"}],"version-history":[{"count":5,"href":"http:\/\/www.razor-blade.pl\/index.php?rest_route=\/wp\/v2\/pages\/16\/revisions"}],"predecessor-version":[{"id":25,"href":"http:\/\/www.razor-blade.pl\/index.php?rest_route=\/wp\/v2\/pages\/16\/revisions\/25"}],"wp:attachment":[{"href":"http:\/\/www.razor-blade.pl\/index.php?rest_route=%2Fwp%2Fv2%2Fmedia&parent=16"}],"curies":[{"name":"wp","href":"https:\/\/api.w.org\/{rel}","templated":true}]}}